{"id":2,"date":"2020-04-13T10:01:04","date_gmt":"2020-04-13T10:01:04","guid":{"rendered":"https:\/\/blumentietze.de\/wordpress\/?page_id=2"},"modified":"2020-11-30T21:32:30","modified_gmt":"2020-11-30T21:32:30","slug":"sample-page","status":"publish","type":"page","link":"https:\/\/blumentietze.de\/wordpress\/index.php\/sample-page\/","title":{"rendered":"Floristik"},"content":{"rendered":"\n<p>In unseren 2 Blumengesch\u00e4ften in Herzberg erwartet Sie ein Potpourri der Blumengestaltung. Ob einfache Schale f\u00fcr den Friedhof oder Gro\u00dfes Hochzeitsbouquet, wir zaubern Ihnen f\u00fcr jeden Anlass die passende Dekoration. Sprechen Sie mit unseren Floristen vor Ort oder stellen sie per E-Mail die Fragen die Ihnen auf dem Herzen liegen.<\/p>\n\n\n\n<p>blumentietze@web.de<\/p>\n\n\n\n<figure class=\"wp-block-gallery aligncenter columns-0 wp-block-gallery-1 is-layout-flex wp-block-gallery-is-layout-flex\"><ul class=\"blocks-gallery-grid\"><\/ul><\/figure>\n\n\n\n<div class=\"wp-block-group\"><div class=\"wp-block-group__inner-container is-layout-flow wp-block-group-is-layout-flow\">\n<figure class=\"wp-block-gallery alignright columns-0 is-cropped wp-block-gallery-2 is-layout-flex wp-block-gallery-is-layout-flex\"><ul class=\"blocks-gallery-grid\"><\/ul><\/figure>\n<\/div><\/div>\n","protected":false},"excerpt":{"rendered":"<p>In unseren 2 Blumengesch\u00e4ften in Herzberg erwartet Sie ein Potpourri der Blumengestaltung. Ob einfache Schale f\u00fcr den Friedhof oder Gro\u00dfes Hochzeitsbouquet, wir zaubern Ihnen f\u00fcr [&hellip;]<\/p>\n","protected":false},"author":1,"featured_media":0,"parent":0,"menu_order":0,"comment_status":"closed","ping_status":"closed","template":"","meta":{"footnotes":""},"class_list":["post-2","page","type-page","status-publish","hentry"],"yoast_head":"<!-- This site is optimized with the Yoast SEO plugin v27.5 - https:\/\/yoast.com\/product\/yoast-seo-wordpress\/ -->\n<title>Floristik - Blumen Tietze<\/title>\n<meta name=\"robots\" content=\"index, follow, max-snippet:-1, max-image-preview:large, max-video-preview:-1\" \/>\n<link rel=\"canonical\" href=\"https:\/\/blumentietze.de\/wordpress\/index.php\/sample-page\/\" \/>\n<meta property=\"og:locale\" content=\"de_DE\" \/>\n<meta property=\"og:type\" content=\"article\" \/>\n<meta property=\"og:title\" content=\"Floristik - Blumen Tietze\" \/>\n<meta property=\"og:description\" content=\"In unseren 2 Blumengesch\u00e4ften in Herzberg erwartet Sie ein Potpourri der Blumengestaltung. Ob einfache Schale f\u00fcr den Friedhof oder Gro\u00dfes Hochzeitsbouquet, wir zaubern Ihnen f\u00fcr [&hellip;]\" \/>\n<meta property=\"og:url\" content=\"https:\/\/blumentietze.de\/wordpress\/index.php\/sample-page\/\" \/>\n<meta property=\"og:site_name\" content=\"Blumen Tietze\" \/>\n<meta property=\"article:modified_time\" content=\"2020-11-30T21:32:30+00:00\" \/>\n<meta name=\"twitter:card\" content=\"summary_large_image\" \/>\n<script type=\"application\/ld+json\" class=\"yoast-schema-graph\">{\"@context\":\"https:\\\/\\\/schema.org\",\"@graph\":[{\"@type\":\"WebPage\",\"@id\":\"https:\\\/\\\/blumentietze.de\\\/wordpress\\\/index.php\\\/sample-page\\\/\",\"url\":\"https:\\\/\\\/blumentietze.de\\\/wordpress\\\/index.php\\\/sample-page\\\/\",\"name\":\"Floristik - Blumen Tietze\",\"isPartOf\":{\"@id\":\"https:\\\/\\\/blumentietze.de\\\/wordpress\\\/#website\"},\"datePublished\":\"2020-04-13T10:01:04+00:00\",\"dateModified\":\"2020-11-30T21:32:30+00:00\",\"breadcrumb\":{\"@id\":\"https:\\\/\\\/blumentietze.de\\\/wordpress\\\/index.php\\\/sample-page\\\/#breadcrumb\"},\"inLanguage\":\"de\",\"potentialAction\":[{\"@type\":\"ReadAction\",\"target\":[\"https:\\\/\\\/blumentietze.de\\\/wordpress\\\/index.php\\\/sample-page\\\/\"]}]},{\"@type\":\"BreadcrumbList\",\"@id\":\"https:\\\/\\\/blumentietze.de\\\/wordpress\\\/index.php\\\/sample-page\\\/#breadcrumb\",\"itemListElement\":[{\"@type\":\"ListItem\",\"position\":1,\"name\":\"Home\",\"item\":\"https:\\\/\\\/blumentietze.de\\\/wordpress\\\/\"},{\"@type\":\"ListItem\",\"position\":2,\"name\":\"Floristik\"}]},{\"@type\":\"WebSite\",\"@id\":\"https:\\\/\\\/blumentietze.de\\\/wordpress\\\/#website\",\"url\":\"https:\\\/\\\/blumentietze.de\\\/wordpress\\\/\",\"name\":\"Blumen Tietze\",\"description\":\"Die Tomaten Experten.\",\"potentialAction\":[{\"@type\":\"SearchAction\",\"target\":{\"@type\":\"EntryPoint\",\"urlTemplate\":\"https:\\\/\\\/blumentietze.de\\\/wordpress\\\/?s={search_term_string}\"},\"query-input\":{\"@type\":\"PropertyValueSpecification\",\"valueRequired\":true,\"valueName\":\"search_term_string\"}}],\"inLanguage\":\"de\"}]}<\/script>\n<!-- \/ Yoast SEO plugin. -->","yoast_head_json":{"title":"Floristik - Blumen Tietze","robots":{"index":"index","follow":"follow","max-snippet":"max-snippet:-1","max-image-preview":"max-image-preview:large","max-video-preview":"max-video-preview:-1"},"canonical":"https:\/\/blumentietze.de\/wordpress\/index.php\/sample-page\/","og_locale":"de_DE","og_type":"article","og_title":"Floristik - Blumen Tietze","og_description":"In unseren 2 Blumengesch\u00e4ften in Herzberg erwartet Sie ein Potpourri der Blumengestaltung. Ob einfache Schale f\u00fcr den Friedhof oder Gro\u00dfes Hochzeitsbouquet, wir zaubern Ihnen f\u00fcr [&hellip;]","og_url":"https:\/\/blumentietze.de\/wordpress\/index.php\/sample-page\/","og_site_name":"Blumen Tietze","article_modified_time":"2020-11-30T21:32:30+00:00","twitter_card":"summary_large_image","schema":{"@context":"https:\/\/schema.org","@graph":[{"@type":"WebPage","@id":"https:\/\/blumentietze.de\/wordpress\/index.php\/sample-page\/","url":"https:\/\/blumentietze.de\/wordpress\/index.php\/sample-page\/","name":"Floristik - Blumen Tietze","isPartOf":{"@id":"https:\/\/blumentietze.de\/wordpress\/#website"},"datePublished":"2020-04-13T10:01:04+00:00","dateModified":"2020-11-30T21:32:30+00:00","breadcrumb":{"@id":"https:\/\/blumentietze.de\/wordpress\/index.php\/sample-page\/#breadcrumb"},"inLanguage":"de","potentialAction":[{"@type":"ReadAction","target":["https:\/\/blumentietze.de\/wordpress\/index.php\/sample-page\/"]}]},{"@type":"BreadcrumbList","@id":"https:\/\/blumentietze.de\/wordpress\/index.php\/sample-page\/#breadcrumb","itemListElement":[{"@type":"ListItem","position":1,"name":"Home","item":"https:\/\/blumentietze.de\/wordpress\/"},{"@type":"ListItem","position":2,"name":"Floristik"}]},{"@type":"WebSite","@id":"https:\/\/blumentietze.de\/wordpress\/#website","url":"https:\/\/blumentietze.de\/wordpress\/","name":"Blumen Tietze","description":"Die Tomaten Experten.","potentialAction":[{"@type":"SearchAction","target":{"@type":"EntryPoint","urlTemplate":"https:\/\/blumentietze.de\/wordpress\/?s={search_term_string}"},"query-input":{"@type":"PropertyValueSpecification","valueRequired":true,"valueName":"search_term_string"}}],"inLanguage":"de"}]}},"jetpack_sharing_enabled":true,"_links":{"self":[{"href":"https:\/\/blumentietze.de\/wordpress\/index.php\/wp-json\/wp\/v2\/pages\/2","targetHints":{"allow":["GET"]}}],"collection":[{"href":"https:\/\/blumentietze.de\/wordpress\/index.php\/wp-json\/wp\/v2\/pages"}],"about":[{"href":"https:\/\/blumentietze.de\/wordpress\/index.php\/wp-json\/wp\/v2\/types\/page"}],"author":[{"embeddable":true,"href":"https:\/\/blumentietze.de\/wordpress\/index.php\/wp-json\/wp\/v2\/users\/1"}],"replies":[{"embeddable":true,"href":"https:\/\/blumentietze.de\/wordpress\/index.php\/wp-json\/wp\/v2\/comments?post=2"}],"version-history":[{"count":8,"href":"https:\/\/blumentietze.de\/wordpress\/index.php\/wp-json\/wp\/v2\/pages\/2\/revisions"}],"predecessor-version":[{"id":247,"href":"https:\/\/blumentietze.de\/wordpress\/index.php\/wp-json\/wp\/v2\/pages\/2\/revisions\/247"}],"wp:attachment":[{"href":"https:\/\/blumentietze.de\/wordpress\/index.php\/wp-json\/wp\/v2\/media?parent=2"}],"curies":[{"name":"wp","href":"https:\/\/api.w.org\/{rel}","templated":true}]}}