{"id":193,"date":"2020-05-11T18:38:14","date_gmt":"2020-05-11T18:38:14","guid":{"rendered":"https:\/\/blumentietze.de\/wordpress\/?page_id=193"},"modified":"2020-11-30T21:23:19","modified_gmt":"2020-11-30T21:23:19","slug":"gaertnerei-tietze-gbr-stechau","status":"publish","type":"page","link":"https:\/\/blumentietze.de\/wordpress\/index.php\/ueber-uns\/gaertnerei-tietze-gbr-stechau\/","title":{"rendered":"G\u00e4rtnerei Tietze GbR Stechau"},"content":{"rendered":"\n<figure class=\"wp-block-image size-large\"><img loading=\"lazy\" decoding=\"async\" width=\"1024\" height=\"768\" src=\"https:\/\/blumentietze.de\/wordpress\/wp-content\/uploads\/2020\/05\/IMG_20200415_161259-1024x768.jpg\" alt=\"\" class=\"wp-image-194\" srcset=\"https:\/\/blumentietze.de\/wordpress\/wp-content\/uploads\/2020\/05\/IMG_20200415_161259-1024x768.jpg 1024w, https:\/\/blumentietze.de\/wordpress\/wp-content\/uploads\/2020\/05\/IMG_20200415_161259-300x225.jpg 300w, https:\/\/blumentietze.de\/wordpress\/wp-content\/uploads\/2020\/05\/IMG_20200415_161259-768x576.jpg 768w, https:\/\/blumentietze.de\/wordpress\/wp-content\/uploads\/2020\/05\/IMG_20200415_161259-1536x1152.jpg 1536w, https:\/\/blumentietze.de\/wordpress\/wp-content\/uploads\/2020\/05\/IMG_20200415_161259-2048x1536.jpg 2048w\" sizes=\"auto, (max-width: 1024px) 100vw, 1024px\" \/><figcaption>Auch heute h\u00e4ngt das LPG Schild noch an Ort und Stelle<\/figcaption><\/figure>\n\n\n\n<p>Herzlich willkommen in unserer G\u00e4rtnerei in Stechau! Der Ort Stechau liegt im Kreis Fichtwald in einem direkten Wasserschutzgebiet. Die ehemalige Produktionsg\u00e4rtnerei der DDR &#8222;LPG 1 Mai Stechau&#8220; wurde 1992 von Karin Tietze erworben und seit dem mit Ihrem Mann Eberhard Tietze gef\u00fchrt und stetig erweitert. Im Jahr 2019 wurde die Anlage in guter Familientradition von Katharina und Victoria Tietze \u00fcbernommen.<\/p>\n\n\n\n<figure class=\"wp-block-image size-large\"><img loading=\"lazy\" decoding=\"async\" width=\"1024\" height=\"768\" src=\"https:\/\/blumentietze.de\/wordpress\/wp-content\/uploads\/2020\/05\/96519992_169203351139426_3364364602988036096_n-1024x768.jpg\" alt=\"\" class=\"wp-image-196\" srcset=\"https:\/\/blumentietze.de\/wordpress\/wp-content\/uploads\/2020\/05\/96519992_169203351139426_3364364602988036096_n-1024x768.jpg 1024w, https:\/\/blumentietze.de\/wordpress\/wp-content\/uploads\/2020\/05\/96519992_169203351139426_3364364602988036096_n-300x225.jpg 300w, https:\/\/blumentietze.de\/wordpress\/wp-content\/uploads\/2020\/05\/96519992_169203351139426_3364364602988036096_n-768x576.jpg 768w, https:\/\/blumentietze.de\/wordpress\/wp-content\/uploads\/2020\/05\/96519992_169203351139426_3364364602988036096_n-1536x1152.jpg 1536w, https:\/\/blumentietze.de\/wordpress\/wp-content\/uploads\/2020\/05\/96519992_169203351139426_3364364602988036096_n.jpg 1600w\" sizes=\"auto, (max-width: 1024px) 100vw, 1024px\" \/><\/figure>\n\n\n\n<p>Auf einer ca. 1 ha gro\u00dfen Fl\u00e4che produzieren wir seit \u00fcber 25 Jahren ein Meer bl\u00fchender und duftender Sch\u00f6nheiten f\u00fcr die Beet- und Balkonbepflanzung, sowie verschiedene Gem\u00fcsesorten und Schnittblumen.<\/p>\n\n\n\n<p> <br>Im Bereich des Gem\u00fcsebaus haben wir uns in den letzten Jahren auf eine vielf\u00e4ltige Auswahl von etwa 120 verschiedenen Tomatensorten pro Jahr spezialisiert. \u00dcber die Jahre hatten wir so schon mehr als 500 Tomatensorten im Anbau. Man kann also mit Fug und Recht behaupten, dass Tomaten unsere Passion sind.<\/p>\n\n\n\n<p>Auch andere Gem\u00fcsepflanzen, wie Gurken, Paprika, Auberginen und K\u00fcrbisse, halten wir, neben gut bekannten und auch seltenen Kr\u00e4utervariationen in einem reichhaltigen Sortiment f\u00fcr unsere Kunden bereit.<\/p>\n\n\n\n<figure class=\"wp-block-image size-large\"><img loading=\"lazy\" decoding=\"async\" width=\"1024\" height=\"576\" src=\"https:\/\/blumentietze.de\/wordpress\/wp-content\/uploads\/2020\/05\/96825258_240489140608357_8740843370366107648_n-1024x576.jpg\" alt=\"\" class=\"wp-image-195\" srcset=\"https:\/\/blumentietze.de\/wordpress\/wp-content\/uploads\/2020\/05\/96825258_240489140608357_8740843370366107648_n-1024x576.jpg 1024w, https:\/\/blumentietze.de\/wordpress\/wp-content\/uploads\/2020\/05\/96825258_240489140608357_8740843370366107648_n-300x169.jpg 300w, https:\/\/blumentietze.de\/wordpress\/wp-content\/uploads\/2020\/05\/96825258_240489140608357_8740843370366107648_n-768x432.jpg 768w, https:\/\/blumentietze.de\/wordpress\/wp-content\/uploads\/2020\/05\/96825258_240489140608357_8740843370366107648_n-1536x864.jpg 1536w, https:\/\/blumentietze.de\/wordpress\/wp-content\/uploads\/2020\/05\/96825258_240489140608357_8740843370366107648_n.jpg 1599w\" sizes=\"auto, (max-width: 1024px) 100vw, 1024px\" \/><figcaption>Paradaiser sagt der \u00d6stereicher und wie ein Paradiesapfel sehen sie auch aus.<\/figcaption><\/figure>\n\n\n\n<p>Wir w\u00fcrden uns freuen, wenn wir Sie pers\u00f6nlich von unserem Angebot \u00fcberzeugen k\u00f6nnen. <\/p>\n","protected":false},"excerpt":{"rendered":"<p>Herzlich willkommen in unserer G\u00e4rtnerei in Stechau! Der Ort Stechau liegt im Kreis Fichtwald in einem direkten Wasserschutzgebiet. Die ehemalige Produktionsg\u00e4rtnerei der DDR &#8222;LPG 1 [&hellip;]<\/p>\n","protected":false},"author":3,"featured_media":0,"parent":8,"menu_order":0,"comment_status":"closed","ping_status":"closed","template":"","meta":{"footnotes":""},"class_list":["post-193","page","type-page","status-publish","hentry"],"yoast_head":"<!-- This site is optimized with the Yoast SEO plugin v27.5 - https:\/\/yoast.com\/product\/yoast-seo-wordpress\/ -->\n<title>G\u00e4rtnerei Tietze GbR Stechau - Blumen Tietze<\/title>\n<meta name=\"robots\" content=\"index, follow, max-snippet:-1, max-image-preview:large, max-video-preview:-1\" \/>\n<link rel=\"canonical\" href=\"https:\/\/blumentietze.de\/wordpress\/index.php\/ueber-uns\/gaertnerei-tietze-gbr-stechau\/\" \/>\n<meta property=\"og:locale\" content=\"de_DE\" \/>\n<meta property=\"og:type\" content=\"article\" \/>\n<meta property=\"og:title\" content=\"G\u00e4rtnerei Tietze GbR Stechau - Blumen Tietze\" \/>\n<meta property=\"og:description\" content=\"Herzlich willkommen in unserer G\u00e4rtnerei in Stechau! Der Ort Stechau liegt im Kreis Fichtwald in einem direkten Wasserschutzgebiet. Die ehemalige Produktionsg\u00e4rtnerei der DDR &#8222;LPG 1 [&hellip;]\" \/>\n<meta property=\"og:url\" content=\"https:\/\/blumentietze.de\/wordpress\/index.php\/ueber-uns\/gaertnerei-tietze-gbr-stechau\/\" \/>\n<meta property=\"og:site_name\" content=\"Blumen Tietze\" \/>\n<meta property=\"article:modified_time\" content=\"2020-11-30T21:23:19+00:00\" \/>\n<meta property=\"og:image\" content=\"https:\/\/blumentietze.de\/wordpress\/wp-content\/uploads\/2020\/05\/IMG_20200415_161259-1024x768.jpg\" \/>\n<meta name=\"twitter:card\" content=\"summary_large_image\" \/>\n<meta name=\"twitter:label1\" content=\"Gesch\u00e4tzte Lesezeit\" \/>\n\t<meta name=\"twitter:data1\" content=\"1\u00a0Minute\" \/>\n<script type=\"application\/ld+json\" class=\"yoast-schema-graph\">{\"@context\":\"https:\\\/\\\/schema.org\",\"@graph\":[{\"@type\":\"WebPage\",\"@id\":\"https:\\\/\\\/blumentietze.de\\\/wordpress\\\/index.php\\\/ueber-uns\\\/gaertnerei-tietze-gbr-stechau\\\/\",\"url\":\"https:\\\/\\\/blumentietze.de\\\/wordpress\\\/index.php\\\/ueber-uns\\\/gaertnerei-tietze-gbr-stechau\\\/\",\"name\":\"G\u00e4rtnerei Tietze GbR Stechau - Blumen Tietze\",\"isPartOf\":{\"@id\":\"https:\\\/\\\/blumentietze.de\\\/wordpress\\\/#website\"},\"primaryImageOfPage\":{\"@id\":\"https:\\\/\\\/blumentietze.de\\\/wordpress\\\/index.php\\\/ueber-uns\\\/gaertnerei-tietze-gbr-stechau\\\/#primaryimage\"},\"image\":{\"@id\":\"https:\\\/\\\/blumentietze.de\\\/wordpress\\\/index.php\\\/ueber-uns\\\/gaertnerei-tietze-gbr-stechau\\\/#primaryimage\"},\"thumbnailUrl\":\"https:\\\/\\\/blumentietze.de\\\/wordpress\\\/wp-content\\\/uploads\\\/2020\\\/05\\\/IMG_20200415_161259-1024x768.jpg\",\"datePublished\":\"2020-05-11T18:38:14+00:00\",\"dateModified\":\"2020-11-30T21:23:19+00:00\",\"breadcrumb\":{\"@id\":\"https:\\\/\\\/blumentietze.de\\\/wordpress\\\/index.php\\\/ueber-uns\\\/gaertnerei-tietze-gbr-stechau\\\/#breadcrumb\"},\"inLanguage\":\"de\",\"potentialAction\":[{\"@type\":\"ReadAction\",\"target\":[\"https:\\\/\\\/blumentietze.de\\\/wordpress\\\/index.php\\\/ueber-uns\\\/gaertnerei-tietze-gbr-stechau\\\/\"]}]},{\"@type\":\"ImageObject\",\"inLanguage\":\"de\",\"@id\":\"https:\\\/\\\/blumentietze.de\\\/wordpress\\\/index.php\\\/ueber-uns\\\/gaertnerei-tietze-gbr-stechau\\\/#primaryimage\",\"url\":\"https:\\\/\\\/blumentietze.de\\\/wordpress\\\/wp-content\\\/uploads\\\/2020\\\/05\\\/IMG_20200415_161259-1024x768.jpg\",\"contentUrl\":\"https:\\\/\\\/blumentietze.de\\\/wordpress\\\/wp-content\\\/uploads\\\/2020\\\/05\\\/IMG_20200415_161259-1024x768.jpg\"},{\"@type\":\"BreadcrumbList\",\"@id\":\"https:\\\/\\\/blumentietze.de\\\/wordpress\\\/index.php\\\/ueber-uns\\\/gaertnerei-tietze-gbr-stechau\\\/#breadcrumb\",\"itemListElement\":[{\"@type\":\"ListItem\",\"position\":1,\"name\":\"Home\",\"item\":\"https:\\\/\\\/blumentietze.de\\\/wordpress\\\/\"},{\"@type\":\"ListItem\",\"position\":2,\"name\":\"\u00dcber uns\",\"item\":\"https:\\\/\\\/blumentietze.de\\\/wordpress\\\/index.php\\\/ueber-uns\\\/\"},{\"@type\":\"ListItem\",\"position\":3,\"name\":\"G\u00e4rtnerei Tietze GbR Stechau\"}]},{\"@type\":\"WebSite\",\"@id\":\"https:\\\/\\\/blumentietze.de\\\/wordpress\\\/#website\",\"url\":\"https:\\\/\\\/blumentietze.de\\\/wordpress\\\/\",\"name\":\"Blumen Tietze\",\"description\":\"Die Tomaten Experten.\",\"potentialAction\":[{\"@type\":\"SearchAction\",\"target\":{\"@type\":\"EntryPoint\",\"urlTemplate\":\"https:\\\/\\\/blumentietze.de\\\/wordpress\\\/?s={search_term_string}\"},\"query-input\":{\"@type\":\"PropertyValueSpecification\",\"valueRequired\":true,\"valueName\":\"search_term_string\"}}],\"inLanguage\":\"de\"}]}<\/script>\n<!-- \/ Yoast SEO plugin. -->","yoast_head_json":{"title":"G\u00e4rtnerei Tietze GbR Stechau - Blumen Tietze","robots":{"index":"index","follow":"follow","max-snippet":"max-snippet:-1","max-image-preview":"max-image-preview:large","max-video-preview":"max-video-preview:-1"},"canonical":"https:\/\/blumentietze.de\/wordpress\/index.php\/ueber-uns\/gaertnerei-tietze-gbr-stechau\/","og_locale":"de_DE","og_type":"article","og_title":"G\u00e4rtnerei Tietze GbR Stechau - Blumen Tietze","og_description":"Herzlich willkommen in unserer G\u00e4rtnerei in Stechau! Der Ort Stechau liegt im Kreis Fichtwald in einem direkten Wasserschutzgebiet. Die ehemalige Produktionsg\u00e4rtnerei der DDR &#8222;LPG 1 [&hellip;]","og_url":"https:\/\/blumentietze.de\/wordpress\/index.php\/ueber-uns\/gaertnerei-tietze-gbr-stechau\/","og_site_name":"Blumen Tietze","article_modified_time":"2020-11-30T21:23:19+00:00","og_image":[{"url":"https:\/\/blumentietze.de\/wordpress\/wp-content\/uploads\/2020\/05\/IMG_20200415_161259-1024x768.jpg","type":"","width":"","height":""}],"twitter_card":"summary_large_image","twitter_misc":{"Gesch\u00e4tzte Lesezeit":"1\u00a0Minute"},"schema":{"@context":"https:\/\/schema.org","@graph":[{"@type":"WebPage","@id":"https:\/\/blumentietze.de\/wordpress\/index.php\/ueber-uns\/gaertnerei-tietze-gbr-stechau\/","url":"https:\/\/blumentietze.de\/wordpress\/index.php\/ueber-uns\/gaertnerei-tietze-gbr-stechau\/","name":"G\u00e4rtnerei Tietze GbR Stechau - Blumen Tietze","isPartOf":{"@id":"https:\/\/blumentietze.de\/wordpress\/#website"},"primaryImageOfPage":{"@id":"https:\/\/blumentietze.de\/wordpress\/index.php\/ueber-uns\/gaertnerei-tietze-gbr-stechau\/#primaryimage"},"image":{"@id":"https:\/\/blumentietze.de\/wordpress\/index.php\/ueber-uns\/gaertnerei-tietze-gbr-stechau\/#primaryimage"},"thumbnailUrl":"https:\/\/blumentietze.de\/wordpress\/wp-content\/uploads\/2020\/05\/IMG_20200415_161259-1024x768.jpg","datePublished":"2020-05-11T18:38:14+00:00","dateModified":"2020-11-30T21:23:19+00:00","breadcrumb":{"@id":"https:\/\/blumentietze.de\/wordpress\/index.php\/ueber-uns\/gaertnerei-tietze-gbr-stechau\/#breadcrumb"},"inLanguage":"de","potentialAction":[{"@type":"ReadAction","target":["https:\/\/blumentietze.de\/wordpress\/index.php\/ueber-uns\/gaertnerei-tietze-gbr-stechau\/"]}]},{"@type":"ImageObject","inLanguage":"de","@id":"https:\/\/blumentietze.de\/wordpress\/index.php\/ueber-uns\/gaertnerei-tietze-gbr-stechau\/#primaryimage","url":"https:\/\/blumentietze.de\/wordpress\/wp-content\/uploads\/2020\/05\/IMG_20200415_161259-1024x768.jpg","contentUrl":"https:\/\/blumentietze.de\/wordpress\/wp-content\/uploads\/2020\/05\/IMG_20200415_161259-1024x768.jpg"},{"@type":"BreadcrumbList","@id":"https:\/\/blumentietze.de\/wordpress\/index.php\/ueber-uns\/gaertnerei-tietze-gbr-stechau\/#breadcrumb","itemListElement":[{"@type":"ListItem","position":1,"name":"Home","item":"https:\/\/blumentietze.de\/wordpress\/"},{"@type":"ListItem","position":2,"name":"\u00dcber uns","item":"https:\/\/blumentietze.de\/wordpress\/index.php\/ueber-uns\/"},{"@type":"ListItem","position":3,"name":"G\u00e4rtnerei Tietze GbR Stechau"}]},{"@type":"WebSite","@id":"https:\/\/blumentietze.de\/wordpress\/#website","url":"https:\/\/blumentietze.de\/wordpress\/","name":"Blumen Tietze","description":"Die Tomaten Experten.","potentialAction":[{"@type":"SearchAction","target":{"@type":"EntryPoint","urlTemplate":"https:\/\/blumentietze.de\/wordpress\/?s={search_term_string}"},"query-input":{"@type":"PropertyValueSpecification","valueRequired":true,"valueName":"search_term_string"}}],"inLanguage":"de"}]}},"jetpack_sharing_enabled":true,"_links":{"self":[{"href":"https:\/\/blumentietze.de\/wordpress\/index.php\/wp-json\/wp\/v2\/pages\/193","targetHints":{"allow":["GET"]}}],"collection":[{"href":"https:\/\/blumentietze.de\/wordpress\/index.php\/wp-json\/wp\/v2\/pages"}],"about":[{"href":"https:\/\/blumentietze.de\/wordpress\/index.php\/wp-json\/wp\/v2\/types\/page"}],"author":[{"embeddable":true,"href":"https:\/\/blumentietze.de\/wordpress\/index.php\/wp-json\/wp\/v2\/users\/3"}],"replies":[{"embeddable":true,"href":"https:\/\/blumentietze.de\/wordpress\/index.php\/wp-json\/wp\/v2\/comments?post=193"}],"version-history":[{"count":3,"href":"https:\/\/blumentietze.de\/wordpress\/index.php\/wp-json\/wp\/v2\/pages\/193\/revisions"}],"predecessor-version":[{"id":204,"href":"https:\/\/blumentietze.de\/wordpress\/index.php\/wp-json\/wp\/v2\/pages\/193\/revisions\/204"}],"up":[{"embeddable":true,"href":"https:\/\/blumentietze.de\/wordpress\/index.php\/wp-json\/wp\/v2\/pages\/8"}],"wp:attachment":[{"href":"https:\/\/blumentietze.de\/wordpress\/index.php\/wp-json\/wp\/v2\/media?parent=193"}],"curies":[{"name":"wp","href":"https:\/\/api.w.org\/{rel}","templated":true}]}}